{"id":9,"date":"2015-06-30T21:28:18","date_gmt":"2015-06-30T19:28:18","guid":{"rendered":"http:\/\/www.stammersdorf.at\/stammersdorf-wp\/?page_id=9"},"modified":"2017-09-17T10:36:06","modified_gmt":"2017-09-17T08:36:06","slug":"rundgang","status":"publish","type":"page","link":"https:\/\/www.stammersdorf.at\/stammersdorf-wp\/rundgang\/","title":{"rendered":"Rundgang"},"content":{"rendered":"<h1 class=\"stdf\">Ein Rundgang durch Stammersdorf<\/h1>\n<table class=\"stdf\" border=\"0\" width=\"83%\" cellspacing=\"0\" cellpadding=\"0\">\n<tbody>\n<tr>\n<td width=\"47%\">\n<p align=\"center\"><img loading=\"lazy\" decoding=\"async\" src=\"http:\/\/www.stammersdorf.at\/images\/stammersdorf\/bahnhof_bahnhofplatz_2_250..jpg\" alt=\"\" width=\"250\" height=\"188\" border=\"0\" \/><\/p>\n<\/td>\n<td width=\"53%\"><a name=\"bahnhofplatz\"><\/a>Der Rundgang durch den Ort beginnt im &#8222;Unterort&#8220;, bei der Endstation der Linie 31. Der Bahnhofplatz war der Verkehrsknotenpunkt in Stammersdorf und ist es von den \u00d6ffis her gesehen heute noch. Der alte Bahnhof war bis in die 1980iger Jahre die Verbindung zwischen Wien und dem Weinviertel. Von hier aus verkehrte die\u00a0 sogenannte Landesbahn in Richtung Gaweinstal.<\/td>\n<\/tr>\n<tr>\n<td width=\"47%\"><a name=\"lothringer\"><\/a>Durch die Herrenholzgasse mit den Stockh\u00e4usern aus dem 19. Jahrundert kommt man in die Stammersdorfer Stra\u00dfe. Wir gehen nach links durch die Stammersdorfer Stra\u00dfe in Richtung Freiheitsplatz. Vorbei an den ersten Heurigen und ca. 150 Jahre alten H\u00e4usern, die die &#8222;maurische Siedlung&#8220; bilden.<\/td>\n<td width=\"53%\">\n<p align=\"center\"><img loading=\"lazy\" decoding=\"async\" src=\"http:\/\/www.stammersdorf.at\/images\/stammersdorf\/stammersdorfer_lothringer_2.jpg\" alt=\"\" width=\"250\" height=\"188\" border=\"0\" \/><\/p>\n<\/td>\n<\/tr>\n<tr>\n<td width=\"47%\">\n<p align=\"center\"><img loading=\"lazy\" decoding=\"async\" src=\"http:\/\/www.stammersdorf.at\/images\/stammersdorf\/Park_FHP_2_250.jpg\" alt=\"\" width=\"250\" height=\"188\" border=\"0\" \/><\/p>\n<\/td>\n<td width=\"53%\"><a name=\"freiheitsplatz\"><\/a>Der Freiheitsplatz bilden die Grenze zwischen Ober &#8211; und Unterort, was die &#8222;Unter\u00f6rtler&#8220; allerdings nicht gerne h\u00f6ren. Der Freiheitsplatz hatte schon viele Namen. Im seiner Mitte befindet sich ein Park, in dem eine S\u00e4ule, der &#8222;Schwarze Adler&#8220; an das Regierungsjubil\u00e4um des Kaiser Franz Josef erinnert. Der Park ist seit zwei Jahre neu angelegt und durch seinen Blumenschmuck ein erfreulicher Anblick.<\/p>\n<p>&nbsp;<\/td>\n<\/tr>\n<tr>\n<td width=\"47%\">Vom Freiheitsplatz f\u00fchrt die Erbpostgasse in Richtung Norden zum Rendezvous, der alten Poststation, die von Erbpostmeistern gef\u00fchrt wurde. Ein kleines G\u00e4sschen, die Steidlgasse, l\u00e4sst die ehemalige Dorfidylle erahnen.<\/td>\n<td width=\"53%\">\n<p align=\"center\"><img loading=\"lazy\" decoding=\"async\" src=\"http:\/\/www.stammersdorf.at\/images\/stammersdorf\/steidlgasse_250.jpg\" alt=\"\" width=\"250\" height=\"188\" border=\"0\" \/><\/p>\n<\/td>\n<\/tr>\n<tr>\n<td width=\"47%\">\n<p align=\"center\"><img loading=\"lazy\" decoding=\"async\" src=\"http:\/\/www.stammersdorf.at\/images\/stammersdorf\/raika_250.jpg\" alt=\"\" width=\"250\" height=\"188\" border=\"0\" \/><\/p>\n<\/td>\n<td width=\"53%\">Weiter geht es am ehemaligen Gemeindewirtshaus (heute Raiffeisenbank) vorbei Richtung ehemaligen Dorfanger. Zahlreiche Heurigen s\u00e4umen die Stammersdorfer Stra\u00dfe, die in diesem Bereich noch wirklich Dorfstra\u00dfe ist.<\/td>\n<\/tr>\n<tr>\n<td width=\"47%\"><a name=\"kriegerd\"><\/a>Die Stra\u00dfe weitet sich nun zu einem Platz aus, der die Sicht auf das Kriegerdenkmal freigibt. Hinter dem Kriegerdenkmal befindet sich das ehemaligen Pumpenhaus, das lange Jahre das Postamt von Stammersdorf war.<\/td>\n<td width=\"53%\">\n<p align=\"center\"><img loading=\"lazy\" decoding=\"async\" src=\"http:\/\/www.stammersdorf.at\/images\/stammersdorf\/Kriegerdenkmal_250.jpg\" alt=\"\" width=\"250\" height=\"188\" border=\"0\" \/><\/p>\n<\/td>\n<\/tr>\n<tr>\n<td width=\"47%\">\n<p align=\"center\"><img loading=\"lazy\" decoding=\"async\" src=\"http:\/\/www.stammersdorf.at\/images\/stammersdorf\/pfarrhof_aussen.jpg\" alt=\"\" width=\"227\" height=\"303\" border=\"0\" \/><\/p>\n<\/td>\n<td width=\"53%\"><a name=\"pfarrhof\"><\/a>Gegen\u00fcber steht der herrschaftliche Pfarrhof, der bis in das 17. Jahrhundert das Herrenhaus in Stammersdorf war. Entlang des Pfarrhofes f\u00fchrt die Liebleitnergasse zur Kirche und dem Ortsfriedhof.<\/td>\n<\/tr>\n<tr>\n<td width=\"47%\"><\/td>\n<td width=\"53%\"><\/td>\n<\/tr>\n<tr>\n<td width=\"47%\">\u00a0<a name=\"luckensch\"><\/a>Gegen\u00fcber der Liebleitnergasse f\u00fchrt die Luckenschwemmgasse (in der sich der Kindergarten befindet) in den Bereich der ehemaligen Pferdeschwemme.<\/td>\n<td width=\"53%\">\n<p align=\"center\"><img loading=\"lazy\" decoding=\"async\" src=\"http:\/\/www.stammersdorf.at\/images\/stammersdorf\/Luckenschwemmmgasse_250.jpg\" alt=\"\" width=\"250\" height=\"188\" border=\"0\" \/><\/p>\n<\/td>\n<\/tr>\n<tr>\n<td width=\"47%\">\n<p align=\"center\"><img loading=\"lazy\" decoding=\"async\" src=\"http:\/\/www.stammersdorf.at\/images\/stammersdorf\/Heiligen_250.jpg\" alt=\"\" width=\"250\" height=\"188\" border=\"0\" \/><\/p>\n<\/td>\n<td width=\"53%\"><a name=\"nekowitsch\"><\/a>Die Stammersdorfer Stra\u00dfe teilt sich nun durch den ehemaligen Dorfanger, auf dem eine Gruppe von Heiligenstatuen steht, die an die Katastrophen (Pest, T\u00fcrkenkriege,&#8230;) erinnern.<\/td>\n<\/tr>\n<tr>\n<td width=\"47%\"><a name=\"kellergasse\"><\/a>Nachdem Ende des Dorfangers (Stammersdorf ist ein Linsenangerdorf) f\u00fchrt die Stra\u00dfe zu einer Kreuzung, von der rechts die Hagenbrunner Stra\u00dfe abzweigt, die direkt in das &#8222;Paradies&#8220; &#8211; die <a href=\"http:\/\/www.stammersdorf.at\/stammersdorf-wp\/?p=228\">Stammersdorfer Kellergasse<\/a> f\u00fchrt.<\/td>\n<td width=\"53%\">\n<p align=\"center\"><img loading=\"lazy\" decoding=\"async\" src=\"http:\/\/www.stammersdorf.at\/images\/stammersdorf\/park_hagenbrunnerstrasse_250.jpg\" alt=\"\" width=\"250\" height=\"188\" border=\"0\" \/><\/p>\n<\/td>\n<\/tr>\n<\/tbody>\n<\/table>\n<p>&nbsp;<\/p>\n<p>&nbsp;<\/p>\n<p>&nbsp;<\/p>\n","protected":false},"excerpt":{"rendered":"<p>Ein Rundgang durch Stammersdorf Der Rundgang durch den Ort beginnt im &#8222;Unterort&#8220;, bei der Endstation der Linie 31. Der Bahnhofplatz war der Verkehrsknotenpunkt in Stammersdorf und ist es von den \u00d6ffis her gesehen heute noch. Der alte Bahnhof war bis in die 1980iger Jahre die Verbindung zwischen Wien und dem&hellip;<\/p>\n<p class=\"more-link-wrapper\"><a class=\"more-link\" href=\"https:\/\/www.stammersdorf.at\/stammersdorf-wp\/rundgang\/\"><span class=\"fa fa-mail-forward read-more-icon\"><\/span><span class=\"screen-reader-text\">Read More<\/span><\/a><\/p>\n","protected":false},"author":1,"featured_media":0,"parent":0,"menu_order":0,"comment_status":"open","ping_status":"open","template":"","meta":{"footnotes":""},"class_list":["post-9","page","type-page","status-publish","hentry"],"_links":{"self":[{"href":"https:\/\/www.stammersdorf.at\/stammersdorf-wp\/wp-json\/wp\/v2\/pages\/9","targetHints":{"allow":["GET"]}}],"collection":[{"href":"https:\/\/www.stammersdorf.at\/stammersdorf-wp\/wp-json\/wp\/v2\/pages"}],"about":[{"href":"https:\/\/www.stammersdorf.at\/stammersdorf-wp\/wp-json\/wp\/v2\/types\/page"}],"author":[{"embeddable":true,"href":"https:\/\/www.stammersdorf.at\/stammersdorf-wp\/wp-json\/wp\/v2\/users\/1"}],"replies":[{"embeddable":true,"href":"https:\/\/www.stammersdorf.at\/stammersdorf-wp\/wp-json\/wp\/v2\/comments?post=9"}],"version-history":[{"count":6,"href":"https:\/\/www.stammersdorf.at\/stammersdorf-wp\/wp-json\/wp\/v2\/pages\/9\/revisions"}],"predecessor-version":[{"id":341,"href":"https:\/\/www.stammersdorf.at\/stammersdorf-wp\/wp-json\/wp\/v2\/pages\/9\/revisions\/341"}],"wp:attachment":[{"href":"https:\/\/www.stammersdorf.at\/stammersdorf-wp\/wp-json\/wp\/v2\/media?parent=9"}],"curies":[{"name":"wp","href":"https:\/\/api.w.org\/{rel}","templated":true}]}}